{"id":1052,"date":"2018-11-15T15:42:04","date_gmt":"2018-11-15T15:42:04","guid":{"rendered":"http:\/\/www.baumayr.at\/wp\/?page_id=1052"},"modified":"2025-07-16T07:46:49","modified_gmt":"2025-07-16T07:46:49","slug":"downloads","status":"publish","type":"page","link":"https:\/\/www.baumayr.at\/wp\/downloads\/","title":{"rendered":"Downloads"},"content":{"rendered":"<section class=\"wpb-content-wrapper\"><\/p>\r\n<h5>CE-Kennzeichen<\/h5>\r\n<p><a href=\"http:\/\/www.baumayr.at\/wp\/wp-content\/uploads\/Kies-4_8-2019.pdf\">CE Kies 4\/8 BM-LE-03-2019 A1<\/a><\/p>\r\n<p><a href=\"http:\/\/www.baumayr.at\/wp\/wp-content\/uploads\/Kies-8_16-2019.pdf\">CE Kies 8\/16 BM-LE-04-2019 A1<\/a><\/p>\r\n<p><a href=\"http:\/\/www.baumayr.at\/wp\/wp-content\/uploads\/Kies-16_32-2019.pdf\">CE Kies 16\/32 BM-LE-05-2019 A1<\/a><\/p>\r\n<p><a href=\"http:\/\/www.baumayr.at\/wp\/wp-content\/uploads\/Sand-0_1-2019.pdf\">CE Sand 0\/1 BM-LE-02-2019 A1<\/a><\/p>\r\n<p><a href=\"http:\/\/www.baumayr.at\/wp\/wp-content\/uploads\/Sand-0_4-2019.pdf\">CE Sand 0\/4 BM-LE-01-2019 A1<\/a><\/p>\r\n<p><a href=\"http:\/\/www.baumayr.at\/wp\/wp-content\/uploads\/Wandschotter-0_70-2019.pdf\">CE Wandschotter 0\/70 BM-LE-10-2019 A1<\/a><\/p>\r\n<p><a href=\"http:\/\/www.baumayr.at\/wp\/wp-content\/uploads\/LE-Betonblock-Stuetzwandelemente.pdf\">LE Betonblock St\u00fctzwandelemente<\/a><\/p>\r\n<p><a href=\"http:\/\/www.baumayr.at\/wp\/wp-content\/uploads\/LE-Betonblock-Stuetzwandelemente-mit-Matrize.pdf\">LE Betonblock St\u00fctzwandelemente mit Matrize<\/a><\/p>\r\n<p><a href=\"http:\/\/www.baumayr.at\/wp\/wp-content\/uploads\/Betonblock-Produktkatalog20240423.pdf\">Betonblock Produktkatalog20240423<\/a><\/p>\r\n<p>[\/vc_column_text][\/vc_column][\/vc_row][vc_row][vc_column][vc_column_text]<\/p>\r\n<h5>Zertifizierungen<\/h5>\r\n<p><a href=\"http:\/\/www.baumayr.at\/wp\/wp-content\/uploads\/2018\/12\/Schwei\u00dfzertifikat-EN-1090-2.pdf\">Schwei\u00dfzertifikat EN 1090-2<\/a><\/p>\r\n<p><a href=\"http:\/\/www.baumayr.at\/wp\/wp-content\/uploads\/2018\/12\/Zertifikat-Stahlbau.pdf\">Zertifikat Stahlbau<\/a><\/p>\r\n<p>&nbsp;<\/p>\r\n<p>[\/vc_column_text][\/vc_column][\/vc_row][vc_row][vc_column][vc_column_text]<\/p>\r\n<h5>Sicherheitsdatenbl\u00e4tter<\/h5>\r\n<p><a href=\"http:\/\/www.baumayr.at\/wp\/wp-content\/uploads\/Sicherheitsdatenblatt-Transportbeton-2025.pdf\">Transportbeton 2025<\/a><\/p>\r\n<p>&nbsp;<\/p>\r\n<p>&nbsp;<\/p>\r\n<p>[\/vc_column_text][\/vc_column][\/vc_row][vc_row][vc_column][vc_column_text]<\/p>\r\n<p>AGBs<br \/><a href=\"http:\/\/www.baumayr.at\/wp\/wp-content\/uploads\/01_AGB_Verbraucher_Mustervorlage_2025_06.pdf\">Verkaufs- und Lieferbedingungen f\u00fcr Transportbeton &#8211; VERBRAUCHER<\/a><br \/><a href=\"http:\/\/www.baumayr.at\/wp\/wp-content\/uploads\/02_AGB_Unternehmer_Mustervorlage_2025_06.pdf\">Verkaufs- und Lieferbedingungen f\u00fcr Transportbeton &#8211; UNTERNEHMER<\/a><\/p>\r\n<p>[\/vc_column_text][\/vc_column][\/vc_row]<\/p><!-- \/wp:heading --><p>[vc_row][vc_column][vc_column_text]<!-- wp:heading --><\/p>\r\n<h2>Downloads<\/h2>\r\n<h5><span style=\"color: #ffcc00;\"><a style=\"color: #ffcc00;\" href=\"http:\/\/www.baumayr.at\/wp\/wp-content\/uploads\/68774_baumayr_Imagebroschuere_01_2025_ES_web.pdf\">Imagebrosch\u00fcre 2025<\/a><\/span><\/h5>\r\n<p>[\/vc_column_text][\/vc_column][\/vc_row][vc_row][vc_column][vc_column_text]<!-- wp:heading --><\/p>\r\n<h5>CE-Kennzeichen<\/h5>\r\n<p><a href=\"http:\/\/www.baumayr.at\/wp\/wp-content\/uploads\/Kies-4_8-2019.pdf\">CE Kies 4\/8 BM-LE-03-2019 A1<\/a><\/p>\r\n<p><!-- wp:file {\"id\":1053,\"href\":\"http:\/\/www.baumayr.at\/wp\/wp-content\/uploads\/2018\/11\/CE-Kies-4-8-BM-LE-03-2018_A1.pdf\",\"align\":\"left\"} --><a href=\"http:\/\/www.baumayr.at\/wp\/wp-content\/uploads\/Kies-8_16-2019.pdf\">CE Kies 8\/16 BM-LE-04-2019 A1<\/a><\/p>\r\n<p><a href=\"http:\/\/www.baumayr.at\/wp\/wp-content\/uploads\/Kies-16_32-2019.pdf\">CE Kies 16\/32 BM-LE-05-2019 A1<\/a><\/p>\r\n<p><a href=\"http:\/\/www.baumayr.at\/wp\/wp-content\/uploads\/Sand-0_1-2019.pdf\">CE Sand 0\/1 BM-LE-02-2019 A1<\/a><\/p>\r\n<p><a href=\"http:\/\/www.baumayr.at\/wp\/wp-content\/uploads\/Sand-0_4-2019.pdf\">CE Sand 0\/4 BM-LE-01-2019 A1<\/a><\/p>\r\n<p><a href=\"http:\/\/www.baumayr.at\/wp\/wp-content\/uploads\/Wandschotter-0_70-2019.pdf\">CE Wandschotter 0\/70 BM-LE-10-2019 A1<\/a><\/p>\r\n<p><a href=\"http:\/\/www.baumayr.at\/wp\/wp-content\/uploads\/LE-Betonblock-Stuetzwandelemente.pdf\">LE Betonblock St\u00fctzwandelemente<\/a><\/p>\r\n<p><a href=\"http:\/\/www.baumayr.at\/wp\/wp-content\/uploads\/LE-Betonblock-Stuetzwandelemente-mit-Matrize.pdf\">LE Betonblock St\u00fctzwandelemente mit Matrize<\/a><\/p>\r\n<p><a href=\"http:\/\/www.baumayr.at\/wp\/wp-content\/uploads\/Betonblock-Produktkatalog20240423.pdf\">Betonblock Produktkatalog20240423<\/a><\/p>\r\n<p>[\/vc_column_text][\/vc_column][\/vc_row][vc_row][vc_column][vc_column_text]<\/p>\r\n<h5>Zertifizierungen<\/h5>\r\n<p><a href=\"http:\/\/www.baumayr.at\/wp\/wp-content\/uploads\/2018\/12\/Schwei\u00dfzertifikat-EN-1090-2.pdf\">Schwei\u00dfzertifikat EN 1090-2<\/a><\/p>\r\n<p><a href=\"http:\/\/www.baumayr.at\/wp\/wp-content\/uploads\/2018\/12\/Zertifikat-Stahlbau.pdf\">Zertifikat Stahlbau<\/a><\/p>\r\n<p>&nbsp;<\/p>\r\n<p>[\/vc_column_text][\/vc_column][\/vc_row][vc_row][vc_column][vc_column_text]<\/p>\r\n<h5>Sicherheitsdatenbl\u00e4tter<\/h5>\r\n<p><a href=\"http:\/\/www.baumayr.at\/wp\/wp-content\/uploads\/Sicherheitsdatenblatt-Transportbeton-2025.pdf\">Transportbeton 2025<\/a><\/p>\r\n<p>&nbsp;<\/p>\r\n<p>&nbsp;<\/p>\r\n<p>[\/vc_column_text][\/vc_column][\/vc_row][vc_row][vc_column][vc_column_text]<\/p>\r\n<p>AGBs<br \/><a href=\"http:\/\/www.baumayr.at\/wp\/wp-content\/uploads\/01_AGB_Verbraucher_Mustervorlage_2025_06.pdf\">Verkaufs- und Lieferbedingungen f\u00fcr Transportbeton &#8211; VERBRAUCHER<\/a><br \/><a href=\"http:\/\/www.baumayr.at\/wp\/wp-content\/uploads\/02_AGB_Unternehmer_Mustervorlage_2025_06.pdf\">Verkaufs- und Lieferbedingungen f\u00fcr Transportbeton &#8211; UNTERNEHMER<\/a><\/p>\r\n<p>[\/vc_column_text][\/vc_column][\/vc_row]<\/p><!-- \/wp:post-content --><!-- \/wp:heading --><!-- wp:post-content --><p>[vc_row][vc_column][vc_column_text]<!-- wp:heading --><\/p>\r\n<h2>Downloads<\/h2>\r\n<h5><span style=\"color: #ffcc00;\"><a style=\"color: #ffcc00;\" href=\"http:\/\/www.baumayr.at\/wp\/wp-content\/uploads\/68774_baumayr_Imagebroschuere_01_2025_ES_web.pdf\">Imagebrosch\u00fcre 2025<\/a><\/span><\/h5>\r\n<p>[\/vc_column_text][\/vc_column][\/vc_row][vc_row][vc_column][vc_column_text]<!-- wp:heading --><\/p>\r\n<h5>CE-Kennzeichen<\/h5>\r\n<p><a href=\"http:\/\/www.baumayr.at\/wp\/wp-content\/uploads\/Kies-4_8-2019.pdf\">CE Kies 4\/8 BM-LE-03-2019 A1<\/a><\/p>\r\n<p><!-- wp:file {\"id\":1053,\"href\":\"http:\/\/www.baumayr.at\/wp\/wp-content\/uploads\/2018\/11\/CE-Kies-4-8-BM-LE-03-2018_A1.pdf\",\"align\":\"left\"} --><a href=\"http:\/\/www.baumayr.at\/wp\/wp-content\/uploads\/Kies-8_16-2019.pdf\">CE Kies 8\/16 BM-LE-04-2019 A1<\/a><\/p>\r\n<p><a href=\"http:\/\/www.baumayr.at\/wp\/wp-content\/uploads\/Kies-16_32-2019.pdf\">CE Kies 16\/32 BM-LE-05-2019 A1<\/a><\/p>\r\n<p><a href=\"http:\/\/www.baumayr.at\/wp\/wp-content\/uploads\/Sand-0_1-2019.pdf\">CE Sand 0\/1 BM-LE-02-2019 A1<\/a><\/p>\r\n<p><a href=\"http:\/\/www.baumayr.at\/wp\/wp-content\/uploads\/Sand-0_4-2019.pdf\">CE Sand 0\/4 BM-LE-01-2019 A1<\/a><\/p>\r\n<p><a href=\"http:\/\/www.baumayr.at\/wp\/wp-content\/uploads\/Wandschotter-0_70-2019.pdf\">CE Wandschotter 0\/70 BM-LE-10-2019 A1<\/a><\/p>\r\n<p><a href=\"http:\/\/www.baumayr.at\/wp\/wp-content\/uploads\/LE-Betonblock-Stuetzwandelemente.pdf\">LE Betonblock St\u00fctzwandelemente<\/a><\/p>\r\n<p><a href=\"http:\/\/www.baumayr.at\/wp\/wp-content\/uploads\/LE-Betonblock-Stuetzwandelemente-mit-Matrize.pdf\">LE Betonblock St\u00fctzwandelemente mit Matrize<\/a><\/p>\r\n<p><a href=\"http:\/\/www.baumayr.at\/wp\/wp-content\/uploads\/Betonblock-Produktkatalog20240423.pdf\">Betonblock Produktkatalog20240423<\/a><\/p>\r\n<p>[\/vc_column_text][\/vc_column][\/vc_row][vc_row][vc_column][vc_column_text]<\/p>\r\n<h5>Zertifizierungen<\/h5>\r\n<p><a href=\"http:\/\/www.baumayr.at\/wp\/wp-content\/uploads\/2018\/12\/Schwei\u00dfzertifikat-EN-1090-2.pdf\">Schwei\u00dfzertifikat EN 1090-2<\/a><\/p>\r\n<p><a href=\"http:\/\/www.baumayr.at\/wp\/wp-content\/uploads\/2018\/12\/Zertifikat-Stahlbau.pdf\">Zertifikat Stahlbau<\/a><\/p>\r\n<p>&nbsp;<\/p>\r\n<p>[\/vc_column_text][\/vc_column][\/vc_row][vc_row][vc_column][vc_column_text]<\/p>\r\n<h5>Sicherheitsdatenbl\u00e4tter<\/h5>\r\n<p><a href=\"http:\/\/www.baumayr.at\/wp\/wp-content\/uploads\/Sicherheitsdatenblatt-Transportbeton-2025.pdf\">Transportbeton 2025<\/a><\/p>\r\n<p>&nbsp;<\/p>\r\n<p>&nbsp;<\/p>\r\n<p>[\/vc_column_text][\/vc_column][\/vc_row][vc_row][vc_column][vc_column_text]<\/p>\r\n<p>AGBs<br \/><a href=\"http:\/\/www.baumayr.at\/wp\/wp-content\/uploads\/01_AGB_Verbraucher_Mustervorlage_2025_06.pdf\">Verkaufs- und Lieferbedingungen f\u00fcr Transportbeton &#8211; VERBRAUCHER<\/a><br \/><a href=\"http:\/\/www.baumayr.at\/wp\/wp-content\/uploads\/02_AGB_Unternehmer_Mustervorlage_2025_06.pdf\">Verkaufs- und Lieferbedingungen f\u00fcr Transportbeton &#8211; UNTERNEHMER<\/a><\/p>\r\n<p>[\/vc_column_text][\/vc_column][\/vc_row]<\/p><!-- \/wp:post-content --><\/section>","protected":false},"excerpt":{"rendered":"<p>CE-Kennzeichen CE Kies 4\/8 BM-LE-03-2019 A1 CE Kies 8\/16 BM-LE-04-2019 A1 CE Kies 16\/32 BM-LE-05-2019 A1 CE Sand 0\/1 BM-LE-02-2019 A1 CE Sand 0\/4 BM-LE-01-2019 A1 CE Wandschotter 0\/70 BM-LE-10-2019 A1 LE Betonblock St\u00fctzwandelemente LE Betonblock St\u00fctzwandelemente mit Matrize Betonblock Produktkatalog20240423 [vc_row][vc_column][vc_column_text] Sicherheitsdatenbl\u00e4tter Transportbeton 2025 &nbsp; &nbsp; [&hellip;]<\/p>\n","protected":false},"author":1,"featured_media":0,"parent":0,"menu_order":0,"comment_status":"closed","ping_status":"closed","template":"template-fullwidth.php","meta":{"footnotes":""},"class_list":["post-1052","page","type-page","status-publish","hentry"],"_links":{"self":[{"href":"https:\/\/www.baumayr.at\/wp\/wp-json\/wp\/v2\/pages\/1052","targetHints":{"allow":["GET"]}}],"collection":[{"href":"https:\/\/www.baumayr.at\/wp\/wp-json\/wp\/v2\/pages"}],"about":[{"href":"https:\/\/www.baumayr.at\/wp\/wp-json\/wp\/v2\/types\/page"}],"author":[{"embeddable":true,"href":"https:\/\/www.baumayr.at\/wp\/wp-json\/wp\/v2\/users\/1"}],"replies":[{"embeddable":true,"href":"https:\/\/www.baumayr.at\/wp\/wp-json\/wp\/v2\/comments?post=1052"}],"version-history":[{"count":27,"href":"https:\/\/www.baumayr.at\/wp\/wp-json\/wp\/v2\/pages\/1052\/revisions"}],"predecessor-version":[{"id":2569,"href":"https:\/\/www.baumayr.at\/wp\/wp-json\/wp\/v2\/pages\/1052\/revisions\/2569"}],"wp:attachment":[{"href":"https:\/\/www.baumayr.at\/wp\/wp-json\/wp\/v2\/media?parent=1052"}],"curies":[{"name":"wp","href":"https:\/\/api.w.org\/{rel}","templated":true}]}}